{"id":343,"date":"2021-02-16T11:57:02","date_gmt":"2021-02-16T11:57:02","guid":{"rendered":"http:\/\/qesco.themezinho.net\/track-form\/"},"modified":"2024-08-16T04:59:26","modified_gmt":"2024-08-16T00:59:26","slug":"categories","status":"publish","type":"page","link":"https:\/\/inmotiontrading.co\/az\/categories\/","title":{"rendered":"Kateqoriyalar"},"content":{"rendered":"<div class=\"vc_row wpb_row vc_row-fluid\"><div class=\"wpb_column vc_column_container vc_col-sm-12\"><div class=\"vc_column-inner\"><div class=\"wpb_wrapper\"><div class=\"vc_empty_space\"   style=\"height: 32px\"><span class=\"vc_empty_space_inner\"><\/span><\/div><\/div><\/div><\/div><\/div><div class=\"vc_row wpb_row vc_row-fluid\"><div class=\"wpb_column vc_column_container vc_col-sm-4\"><div class=\"vc_column-inner\"><div class=\"wpb_wrapper\"><div class=\"icon-box\" >\n\t\n\t\n\t\n          <div class=\"inner\">\n            <figure> <img decoding=\"async\" src=\"https:\/\/inmotiontrading.co\/wp-content\/uploads\/2024\/08\/icon01-2.png\" alt=\"icon01\"> <\/figure>\n\t\t\t  \n                 <p><strong>Ev \u018f\u015fyalar\u0131 &amp; Dekorasiya<\/strong><\/p>\n<p>Ya\u015fay\u0131\u015f m\u0259kanlar\u0131n\u0131z\u0131 keyfiyy\u0259t v\u0259 z\u0259riflikl\u0259 b\u0259z\u0259m\u0259k \u00fc\u00e7\u00fcn d\u0259bli ev \u0259\u015fyalar\u0131 v\u0259 dekorasiyalar\u0131 k\u0259\u015ff edin<\/p>\n    \t\t\t  \n\t\t\t  \n\t\t\t  \t\t\t  \n\t\n\t\n\t<\/div>\n      \n\t\n\t\n\t\n  \n  \n<\/div>\n<\/div><\/div><\/div><div class=\"wpb_column vc_column_container vc_col-sm-4\"><div class=\"vc_column-inner\"><div class=\"wpb_wrapper\"><div class=\"icon-box\" >\n\t\n\t\n\t\n          <div class=\"inner\">\n            <figure> <img decoding=\"async\" src=\"https:\/\/inmotiontrading.co\/wp-content\/uploads\/2024\/08\/icon02-2.png\" alt=\"icon02\"> <\/figure>\n\t\t\t  \n                 <p><strong>Oyuncaqlar, \u018fyl\u0259nc\u0259 v\u0259 Yenilik<\/strong><br \/>\nB\u00fct\u00fcn ya\u015flara sevinc b\u0259x\u015f ed\u0259n oyuncaqlar\u0131n v\u0259 yenilikl\u0259rin \u0259yl\u0259nc\u0259li se\u00e7imini ara\u015fd\u0131r\u0131n<\/p>\n    \t\t\t  \n\t\t\t  \n\t\t\t  \t\t\t  \n\t\n\t\n\t<\/div>\n      \n\t\n\t\n\t\n  \n  \n<\/div>\n<\/div><\/div><\/div><div class=\"wpb_column vc_column_container vc_col-sm-4\"><div class=\"vc_column-inner\"><div class=\"wpb_wrapper\"><div class=\"icon-box\" >\n\t\n\t\n\t\n          <div class=\"inner\">\n            <figure> <img decoding=\"async\" src=\"https:\/\/inmotiontrading.co\/wp-content\/uploads\/2024\/08\/icon03-2.png\" alt=\"icon03\"> <\/figure>\n\t\t\t  \n                 <p><strong>Moda Aksesuarlar\u0131<\/strong><\/p>\n<p>T\u0259rzinizi y\u00fcks\u0259ldin v\u0259 h\u0259r bir v\u0259ziyy\u0259t \u00fc\u00e7\u00fcn m\u00fck\u0259mm\u0259l d\u0259bli moda aksesuarlar\u0131<\/p>\n    \t\t\t  \n\t\t\t  \n\t\t\t  \t\t\t  \n\t\n\t\n\t<\/div>\n      \n\t\n\t\n\t\n  \n  \n<\/div>\n<\/div><\/div><\/div><\/div><section  class=\"content-section\" ><div class=\"vc_row wpb_row vc_row-fluid\"><div class=\"wpb_column vc_column_container vc_col-sm-4\"><div class=\"vc_column-inner\"><div class=\"wpb_wrapper\"><div class=\"icon-box\" >\n\t\n\t\n\t\n          <div class=\"inner\">\n            <figure> <img decoding=\"async\" src=\"https:\/\/inmotiontrading.co\/wp-content\/uploads\/2024\/08\/icon04-1.png\" alt=\"icon04\"> <\/figure>\n\t\t\t  \n                 <p><strong>Qoruyucu M\u0259hsullar<\/strong><\/p>\n<p>\u015e\u0259xsi v\u0259 s\u0259naye istifad\u0259si \u00fc\u00e7\u00fcn y\u00fcks\u0259k keyfiyy\u0259tli qoruyucu m\u0259hsullar \u00e7e\u015fidi il\u0259 t\u0259hl\u00fck\u0259siz olun<\/p>\n    \t\t\t  \n\t\t\t  \n\t\t\t  \t\t\t  \n\t\n\t\n\t<\/div>\n      \n\t\n\t\n\t\n  \n  \n<\/div>\n<\/div><\/div><\/div><div class=\"wpb_column vc_column_container vc_col-sm-4\"><div class=\"vc_column-inner\"><div class=\"wpb_wrapper\"><div class=\"icon-box\" >\n\t\n\t\n\t\n          <div class=\"inner\">\n            <figure> <img decoding=\"async\" src=\"https:\/\/inmotiontrading.co\/wp-content\/uploads\/2024\/08\/icon05-1.png\" alt=\"icon05\"> <\/figure>\n\t\t\t  \n                 <p><strong>Festival, Partiya v\u0259 Toy<\/strong><\/p>\n<p>Yadda qalan bayramlar \u00fc\u00e7\u00fcn laz\u0131m olan h\u0259r \u015feyi tap\u0131n, bayram b\u0259z\u0259kl\u0259rind\u0259n toy ehtiyaclar\u0131na q\u0259d\u0259r.<\/p>\n    \t\t\t  \n\t\t\t  \n\t\t\t  \t\t\t  \n\t\n\t\n\t<\/div>\n      \n\t\n\t\n\t\n  \n  \n<\/div>\n<\/div><\/div><\/div><div class=\"wpb_column vc_column_container vc_col-sm-4\"><div class=\"vc_column-inner\"><div class=\"wpb_wrapper\"><div class=\"icon-box\" >\n\t\n\t\n\t\n          <div class=\"inner\">\n            <figure> <img decoding=\"async\" src=\"https:\/\/inmotiontrading.co\/wp-content\/uploads\/2024\/08\/icon06-1.png\" alt=\"icon06\"> <\/figure>\n\t\t\t  \n                 <p><strong>Avadanl\u0131q v\u0259 Al\u0259tl\u0259r<\/strong><\/p>\n<p>B\u00f6y\u00fck v\u0259 ya ki\u00e7ik ist\u0259nil\u0259n layih\u0259 \u00fc\u00e7\u00fcn \u00f6z\u00fcn\u00fcz\u00fc davaml\u0131 avadanl\u0131q v\u0259 al\u0259tl\u0259rl\u0259 t\u0259chiz edin<\/p>\n    \t\t\t  \n\t\t\t  \n\t\t\t  \t\t\t  \n\t\n\t\n\t<\/div>\n      \n\t\n\t\n\t\n  \n  \n<\/div>\n<\/div><\/div><\/div><\/div><\/section><div class=\"vc_row wpb_row vc_row-fluid\"><div class=\"wpb_column vc_column_container vc_col-sm-4\"><div class=\"vc_column-inner\"><div class=\"wpb_wrapper\"><div class=\"icon-box\" >\n\t\n\t\n\t\n          <div class=\"inner\">\n            <figure> <img decoding=\"async\" src=\"https:\/\/inmotiontrading.co\/wp-content\/uploads\/2024\/08\/icon07-1.png\" alt=\"icon07\"> <\/figure>\n\t\t\t  \n                 <p><strong>M\u0259kt\u0259b v\u0259 Ofis<\/strong><\/p>\n<p>S\u0259m\u0259r\u0259lilik \u00fc\u00e7\u00fcn n\u0259z\u0259rd\u0259 tutulmu\u015f \u0259sas m\u0259kt\u0259b v\u0259 ofis l\u0259vazimatlar\u0131 il\u0259 m\u0259hsuldarl\u0131\u011f\u0131 art\u0131r\u0131n<\/p>\n    \t\t\t  \n\t\t\t  \n\t\t\t  \t\t\t  \n\t\n\t\n\t<\/div>\n      \n\t\n\t\n\t\n  \n  \n<\/div>\n<\/div><\/div><\/div><div class=\"wpb_column vc_column_container vc_col-sm-4\"><div class=\"vc_column-inner\"><div class=\"wpb_wrapper\"><div class=\"icon-box\" >\n\t\n\t\n\t\n          <div class=\"inner\">\n            <figure> <img decoding=\"async\" src=\"https:\/\/inmotiontrading.co\/wp-content\/uploads\/2024\/08\/icon08-1.png\" alt=\"icon08\"> <\/figure>\n\t\t\t  \n                 <p><strong>\u0130dman v\u0259 A\u00e7\u0131q Hava<\/strong><\/p>\n<p>B\u00fct\u00fcn f\u0259aliyy\u0259tl\u0259r \u00fc\u00e7\u00fcn y\u00fcks\u0259k s\u0259viyy\u0259li idman v\u0259 a\u00e7\u0131q hava avadanl\u0131qlar\u0131n\u0131 ara\u015fd\u0131r\u0131n<\/p>\n    \t\t\t  \n\t\t\t  \n\t\t\t  \t\t\t  \n\t\n\t\n\t<\/div>\n      \n\t\n\t\n\t\n  \n  \n<\/div>\n<\/div><\/div><\/div><div class=\"wpb_column vc_column_container vc_col-sm-4\"><div class=\"vc_column-inner\"><div class=\"wpb_wrapper\"><div class=\"icon-box\" >\n\t\n\t\n\t\n          <div class=\"inner\">\n            <figure> <img decoding=\"async\" src=\"https:\/\/inmotiontrading.co\/wp-content\/uploads\/2024\/08\/icon09.png\" alt=\"icon09\"> <\/figure>\n\t\t\t  \n                 <p><strong>Otel v\u0259 Restoran<\/strong><\/p>\n<p>Qonaqlar\u0131n\u0131z\u0131 heyran etm\u0259k \u00fc\u00e7\u00fcn otelinizi v\u0259 ya restoran\u0131n\u0131z\u0131 y\u00fcks\u0259k keyfiyy\u0259tli t\u0259chizatla t\u0259chiz edin<\/p>\n    \t\t\t  \n\t\t\t  \n\t\t\t  \t\t\t  \n\t\n\t\n\t<\/div>\n      \n\t\n\t\n\t\n  \n  \n<\/div>\n<\/div><\/div><\/div><\/div><section  class=\"content-section\" ><div class=\"vc_row wpb_row vc_row-fluid\"><div class=\"wpb_column vc_column_container vc_col-sm-4\"><div class=\"vc_column-inner\"><div class=\"wpb_wrapper\"><div class=\"icon-box\" >\n\t\n\t\n\t\n          <div class=\"inner\">\n            <figure> <img decoding=\"async\" src=\"https:\/\/inmotiontrading.co\/wp-content\/uploads\/2024\/08\/icon10.png\" alt=\"icon10\"> <\/figure>\n\t\t\t  \n                 <p><strong>\u0130dxal v\u0259 U\u015faq M\u0259hsullar\u0131<\/strong><\/p>\n<p>Balacalar\u0131n\u0131z \u00fc\u00e7\u00fcn idxal olunan mallar v\u0259 u\u015faq m\u0259hsullar\u0131ndan ibar\u0259t se\u00e7ilmi\u015f kolleksiyan\u0131 k\u0259\u015ff edin<\/p>\n    \t\t\t  \n\t\t\t  \n\t\t\t  \t\t\t  \n\t\n\t\n\t<\/div>\n      \n\t\n\t\n\t\n  \n  \n<\/div>\n<\/div><\/div><\/div><div class=\"wpb_column vc_column_container vc_col-sm-4\"><div class=\"vc_column-inner\"><div class=\"wpb_wrapper\"><div class=\"icon-box\" >\n\t\n\t\n\t\n          <div class=\"inner\">\n            <figure> <img decoding=\"async\" src=\"https:\/\/inmotiontrading.co\/wp-content\/uploads\/2024\/08\/icon11.png\" alt=\"icon11\"> <\/figure>\n\t\t\t  \n                 <p><strong>Z\u0259rg\u0259rlik v\u0259 \u00c7antalar<\/strong><\/p>\n<p>Z\u0259rg\u0259rlik v\u0259 \u00e7antalar\u0131 d\u0259qiqlikl\u0259 yaratmaq v\u0259 ya t\u0259mir etm\u0259k \u00fc\u00e7\u00fcn m\u00fcxt\u0259lif komponentl\u0259r\u0259 daxil olun<\/p>\n    \t\t\t  \n\t\t\t  \n\t\t\t  \t\t\t  \n\t\n\t\n\t<\/div>\n      \n\t\n\t\n\t\n  \n  \n<\/div>\n<\/div><\/div><\/div><div class=\"wpb_column vc_column_container vc_col-sm-4\"><div class=\"vc_column-inner\"><div class=\"wpb_wrapper\"><div class=\"icon-box\" >\n\t\n\t\n\t\n          <div class=\"inner\">\n            <figure> <img decoding=\"async\" src=\"https:\/\/inmotiontrading.co\/wp-content\/uploads\/2024\/08\/icon12.png\" alt=\"icon12\"> <\/figure>\n\t\t\t  \n                 <p><strong>Qabla\u015fd\u0131rma Material\u0131<\/strong><\/p>\n<p>B\u00fct\u00fcn g\u00f6nd\u0259rm\u0259 ehtiyaclar\u0131na uy\u011fun olan etibarl\u0131 qabla\u015fd\u0131rma materiallar\u0131m\u0131zla mallar\u0131n\u0131z\u0131 qoruyun<\/p>\n    \t\t\t  \n\t\t\t  \n\t\t\t  \t\t\t  \n\t\n\t\n\t<\/div>\n      \n\t\n\t\n\t\n  \n  \n<\/div>\n<\/div><\/div><\/div><\/div><\/section><div class=\"vc_row wpb_row vc_row-fluid\"><div class=\"wpb_column vc_column_container vc_col-sm-4\"><div class=\"vc_column-inner\"><div class=\"wpb_wrapper\"><div class=\"icon-box\" >\n\t\n\t\n\t\n          <div class=\"inner\">\n            <figure> <img decoding=\"async\" src=\"https:\/\/inmotiontrading.co\/wp-content\/uploads\/2024\/08\/icon13.png\" alt=\"icon13\"> <\/figure>\n\t\t\t  \n                 <p><strong>Sa\u011flaml\u0131q v\u0259 G\u00f6z\u0259llik, Parikl\u0259r<\/strong><\/p>\n<p>\u018fn yax\u015f\u0131 sa\u011flaml\u0131q m\u0259hsullar\u0131 v\u0259 d\u0259bli parikl\u0259rl\u0259 g\u00f6z\u0259llik rejiminizi g\u00fccl\u0259ndirin<\/p>\n    \t\t\t  \n\t\t\t  \n\t\t\t  \t\t\t  \n\t\n\t\n\t<\/div>\n      \n\t\n\t\n\t\n  \n  \n<\/div>\n<\/div><\/div><\/div><div class=\"wpb_column vc_column_container vc_col-sm-4\"><div class=\"vc_column-inner\"><div class=\"wpb_wrapper\"><div class=\"icon-box\" >\n\t\n\t\n\t\n          <div class=\"inner\">\n            <figure> <img decoding=\"async\" src=\"https:\/\/inmotiontrading.co\/wp-content\/uploads\/2024\/08\/icon14.png\" alt=\"icon14\"> <\/figure>\n\t\t\t  \n                 <p><strong>Ma\u015f\u0131n v\u0259 Avadanl\u0131q<\/strong><\/p>\n<p>S\u0259naye \u0259m\u0259liyyatlar\u0131n\u0131z\u0131 asanla\u015fd\u0131rmaq \u00fc\u00e7\u00fcn g\u00fccl\u00fc ma\u015f\u0131n v\u0259 avadanl\u0131q tap\u0131n<\/p>\n    \t\t\t  \n\t\t\t  \n\t\t\t  \t\t\t  \n\t\n\t\n\t<\/div>\n      \n\t\n\t\n\t\n  \n  \n<\/div>\n<\/div><\/div><\/div><div class=\"wpb_column vc_column_container vc_col-sm-4\"><div class=\"vc_column-inner\"><div class=\"wpb_wrapper\"><div class=\"icon-box\" >\n\t\n\t\n\t\n          <div class=\"inner\">\n            <figure> <img decoding=\"async\" src=\"https:\/\/inmotiontrading.co\/wp-content\/uploads\/2024\/08\/icon15.png\" alt=\"icon15\"> <\/figure>\n\t\t\t  \n                 <p><strong>Heyvan l\u0259vazimatlar\u0131<\/strong><\/p>\n<p>Ev heyvanlar\u0131n\u0131z\u0131 yem\u0259kd\u0259n tutmu\u015f bax\u0131m \u00fc\u00e7\u00fcn laz\u0131m olan \u015feyl\u0259r\u0259 q\u0259d\u0259r geni\u015f \u00e7e\u015fidli l\u0259vazimatlar\u0131m\u0131zla \u0259zizl\u0259yin<\/p>\n    \t\t\t  \n\t\t\t  \n\t\t\t  \t\t\t  \n\t\n\t\n\t<\/div>\n      \n\t\n\t\n\t\n  \n  \n<\/div>\n<\/div><\/div><\/div><\/div><section  class=\"content-section\" ><div class=\"vc_row wpb_row vc_row-fluid\"><div class=\"wpb_column vc_column_container vc_col-sm-4\"><div class=\"vc_column-inner\"><div class=\"wpb_wrapper\"><div class=\"icon-box\" >\n\t\n\t\n\t\n          <div class=\"inner\">\n            <figure> <img decoding=\"async\" src=\"https:\/\/inmotiontrading.co\/wp-content\/uploads\/2024\/08\/icon16.png\" alt=\"icon16\"> <\/figure>\n\t\t\t  \n                 <p><strong>Ev Tekstili<\/strong><\/p>\n<p>Yataq d\u0259stl\u0259rind\u0259n p\u0259rd\u0259l\u0259r\u0259 q\u0259d\u0259r d\u0259bd\u0259b\u0259li tekstill\u0259rl\u0259 evinizi d\u0259yi\u015fdirin<\/p>\n    \t\t\t  \n\t\t\t  \n\t\t\t  \t\t\t  \n\t\n\t\n\t<\/div>\n      \n\t\n\t\n\t\n  \n  \n<\/div>\n<\/div><\/div><\/div><div class=\"wpb_column vc_column_container vc_col-sm-4\"><div class=\"vc_column-inner\"><div class=\"wpb_wrapper\"><div class=\"icon-box\" >\n\t\n\t\n\t\n          <div class=\"inner\">\n            <figure> <img decoding=\"async\" src=\"https:\/\/inmotiontrading.co\/wp-content\/uploads\/2024\/08\/icon17.png\" alt=\"icon17\"> <\/figure>\n\t\t\t  \n                 <p><strong>Elektronika v\u0259 Qadcet Aksesuarlar\u0131<\/strong><\/p>\n<p>Elektronikan\u0131z \u00fc\u00e7\u00fcn innovativ qadcetl\u0259ri v\u0259 z\u0259ruri aksesuarlar\u0131 k\u0259\u015ff edin<\/p>\n    \t\t\t  \n\t\t\t  \n\t\t\t  \t\t\t  \n\t\n\t\n\t<\/div>\n      \n\t\n\t\n\t\n  \n  \n<\/div>\n<\/div><\/div><\/div><div class=\"wpb_column vc_column_container vc_col-sm-4\"><div class=\"vc_column-inner\"><div class=\"wpb_wrapper\"><div class=\"icon-box\" >\n\t\n\t\n\t\n          <div class=\"inner\">\n            <figure> <img decoding=\"async\" src=\"https:\/\/inmotiontrading.co\/wp-content\/uploads\/2024\/08\/icon18.png\" alt=\"icon18\"> <\/figure>\n\t\t\t  \n                 <p><strong>Avtomobil Hiss\u0259l\u0259ri v\u0259 Aksesuarlar\u0131<\/strong><\/p>\n<p>Avtomobilinizi y\u00fcks\u0259k keyfiyy\u0259tli avtomobil hiss\u0259l\u0259ri v\u0259 aksesuarlar\u0131 il\u0259 t\u0259kmill\u0259\u015fdirin<\/p>\n    \t\t\t  \n\t\t\t  \n\t\t\t  \t\t\t  \n\t\n\t\n\t<\/div>\n      \n\t\n\t\n\t\n  \n  \n<\/div>\n<\/div><\/div><\/div><\/div><\/section>","protected":false},"excerpt":{"rendered":"Homeware &amp; Decoration Discover stylish homeware and decor to enhance your living spaces with quality and elegance Toys, Fun &amp; Novelty Explore a playful selection of toys and novelty items that bring joy to all ages Fashion Accessories Elevate your style with our trendy fashion accessories, perfect for any occasion Protective Products Stay safe with [...]","protected":false},"author":1,"featured_media":0,"parent":0,"menu_order":0,"comment_status":"closed","ping_status":"closed","template":"page-builder.php","meta":{"footnotes":""},"class_list":["post-343","page","type-page","status-publish","hentry"],"_links":{"self":[{"href":"https:\/\/inmotiontrading.co\/az\/wp-json\/wp\/v2\/pages\/343","targetHints":{"allow":["GET"]}}],"collection":[{"href":"https:\/\/inmotiontrading.co\/az\/wp-json\/wp\/v2\/pages"}],"about":[{"href":"https:\/\/inmotiontrading.co\/az\/wp-json\/wp\/v2\/types\/page"}],"author":[{"embeddable":true,"href":"https:\/\/inmotiontrading.co\/az\/wp-json\/wp\/v2\/users\/1"}],"replies":[{"embeddable":true,"href":"https:\/\/inmotiontrading.co\/az\/wp-json\/wp\/v2\/comments?post=343"}],"version-history":[{"count":13,"href":"https:\/\/inmotiontrading.co\/az\/wp-json\/wp\/v2\/pages\/343\/revisions"}],"predecessor-version":[{"id":525,"href":"https:\/\/inmotiontrading.co\/az\/wp-json\/wp\/v2\/pages\/343\/revisions\/525"}],"wp:attachment":[{"href":"https:\/\/inmotiontrading.co\/az\/wp-json\/wp\/v2\/media?parent=343"}],"curies":[{"name":"wp","href":"https:\/\/api.w.org\/{rel}","templated":true}]}}