{"id":315,"date":"2020-10-30T12:05:36","date_gmt":"2020-10-30T12:05:36","guid":{"rendered":"http:\/\/qesco.themezinho.net\/?page_id=10"},"modified":"2024-08-17T07:59:00","modified_gmt":"2024-08-17T03:59:00","slug":"home","status":"publish","type":"page","link":"https:\/\/inmotiontrading.co\/az\/","title":{"rendered":"\u018fsas S\u0259hif\u0259"},"content":{"rendered":"<section  class=\"content-section no-spacing\" ><div class=\"vc_row wpb_row vc_row-fluid vc_custom_1604074119281\"><div class=\"wpb_column vc_column_container vc_col-sm-12\"><div class=\"vc_column-inner vc_custom_1604074124319\"><div class=\"wpb_wrapper\"><header class=\"slider\">\n  <div class=\"main-slider\">\n    <div class=\"swiper-wrapper\">\n            <div class=\"swiper-slide\">\n\t\t \n\t\t  \n\t\t  \n        <div class=\"slide-image\" data-background=\"https:\/\/inmotiontrading.co\/wp-content\/uploads\/2020\/10\/slide01.jpg\"><\/div>\n        <!-- end slide-image -->\n        <div class=\"container\">\n          <h1>\n            Biz \u00c7ini Bilirik          <\/h1>\n          <p>\n            M\u0259hsul ara\u015fd\u0131rmas\u0131ndan haz\u0131rlanmas\u0131na, marka qurma, keyfiyy\u0259t yoxlan\u0131lmas\u0131,<br> logistika v\u0259 \u00e7atd\u0131r\u0131lma.\nBiz \u00c7ini v\u0259 siz\u0259 nec\u0259 xeyir g\u0259tir\u0259c\u0259yini bilirik.          <\/p>\n                    <a href=\"\/about\/\"> K\u018f\u015eF ET<\/a>\n                  <\/div>\n        <!-- end container --> \n      <\/div>\n      <!-- end swiper-slide -->\n            <div class=\"swiper-slide\">\n\t\t \n\t\t  \n\t\t  \n        <div class=\"slide-image\" data-background=\"https:\/\/inmotiontrading.co\/wp-content\/uploads\/2020\/10\/slide02.jpg\"><\/div>\n        <!-- end slide-image -->\n        <div class=\"container\">\n          <h1>\n            \u018fn s\u00fcr\u0259tli v\u0259 g\u00fcv\u0259nli <br>\u00c7atd\u0131r\u0131lma          <\/h1>\n          <p>\n            G\u00f6mr\u00fck brokerliyi xidm\u0259tl\u0259rimizd\u0259n istifad\u0259 ed\u0259r\u0259k, <br>\u00e7atd\u0131r\u0131lman\u0131n \u00e7\u0259tinlikl\u0259rind\u0259n qurtulun.          <\/p>\n                    <a href=\"\/about\/\"> K\u018f\u015eF ET<\/a>\n                  <\/div>\n        <!-- end container --> \n      <\/div>\n      <!-- end swiper-slide -->\n            <div class=\"swiper-slide\">\n\t\t \n\t\t  \n\t\t  \n        <div class=\"slide-image\" data-background=\"https:\/\/inmotiontrading.co\/wp-content\/uploads\/2020\/10\/slide03.jpg\"><\/div>\n        <!-- end slide-image -->\n        <div class=\"container\">\n          <h1>\n            \u00c7ind\u0259n Sat\u0131nalma <br>indi \u00e7ox asand\u0131r          <\/h1>\n          <p>\n            \u00c7ind\u0259n \u0259n yax\u015f\u0131 sat\u0131nalma \u015firk\u0259tl\u0259rind\u0259n biri olaraq Inmotion Trading siz\u0259 \u0259n yax\u015f\u0131 fabrikl\u0259ri tapma\u011fa,<br> \u0259n uy\u011fun qiym\u0259t t\u0259klifl\u0259rini alma\u011fa, istehsalata, keyfiyy\u0259t yoxlan\u0131lmas\u0131na v\u0259 qap\u0131n\u0131za \u00e7atd\u0131r\u0131lmas\u0131n k\u00f6m\u0259k edir.          <\/p>\n                    <a href=\"\/about\/\"> K\u018f\u015eF ET<\/a>\n                  <\/div>\n        <!-- end container --> \n      <\/div>\n      <!-- end swiper-slide -->\n          <\/div>\n    <!-- end swiper-wrapper -->\n   \n\t  <div class=\"controls\">\n    <div class=\"button-prev\"><i class=\"lni lni-chevron-left\"><\/i>\n\t\t  \t<svg version=\"1.1\" xmlns=\"http:\/\/www.w3.org\/2000\/svg\" xmlns:xlink=\"http:\/\/www.w3.org\/1999\/xlink\" width=\"60\" height=\"60\" viewbox=\"0 0 30 30\" xml:space=\"preserve\">\n                <circle fill=\"none\" stroke=\"#fff\" stroke-width=\"2\" cx=\"15\" cy=\"15\" r=\"15\"><\/circle>\n              <\/svg>\n\t\t  <\/div>\n    <!-- end button-prev -->\n    <div class=\"swiper-pagination\"><\/div>\n    <!-- end swiper-pagination -->\n    <div class=\"button-next\"><i class=\"lni lni-chevron-right\"><\/i>\n\t\t  <svg version=\"1.1\" xmlns=\"http:\/\/www.w3.org\/2000\/svg\" xmlns:xlink=\"http:\/\/www.w3.org\/1999\/xlink\" width=\"60\" height=\"60\" viewbox=\"0 0 30 30\" xml:space=\"preserve\">\n                <circle fill=\"none\" stroke=\"#fff\" stroke-width=\"2\" cx=\"15\" cy=\"15\" r=\"15\"><\/circle>\n              <\/svg>\n\t\t  <\/div>\n    <!-- end button-next --> \n\t\t  <\/div>\n   \n  <\/div>\n  <!-- end main-slider --> \n  \n<\/header>\n<\/div><\/div><\/div><\/div><\/section><section  class=\"content-section section-note\" ><div class=\"container\"><div class=\"vc_row wpb_row vc_row-fluid vc_custom_1604073995538\"><div class=\"wpb_column vc_column_container vc_col-sm-12\"><div class=\"vc_column-inner vc_custom_1604073990753\"><div class=\"wpb_wrapper\"><\/div><\/div><\/div><\/div><\/div><\/section><section  class=\"content-section no-spacing\" ><div class=\"container\"><div class=\"vc_row wpb_row vc_row-fluid vc_row-o-content-middle vc_row-flex\"><div class=\"no-top wpb_column vc_column_container vc_col-sm-12 vc_col-md-7\"><div class=\"vc_column-inner\"><div class=\"wpb_wrapper\">\n\n\n\n<div  class=\"side-content left\" >\n  \t<h1><strong>\u00c7ind\u0259 g\u00f6zl\u0259riniz<\/strong><\/h1>\n<p>&nbsp;<\/p>\n<p>Bizim bacar\u0131ql\u0131 v\u0259 t\u0259cr\u00fcb\u0259li menecerl\u0259r v\u0259 t\u0259chizat m\u00fct\u0259x\u0259ssil\u0259rimiz sat\u0131nalma prosesinizin h\u0259r m\u0259rh\u0259l\u0259sind\u0259 siz\u0259 d\u0259st\u0259k g\u00f6st\u0259r\u0259 bilir. Biz m\u00fc\u015ft\u0259ril\u0259rimizi xammal ara\u015fd\u0131rmas\u0131, keyfiyy\u0259t yoxlan\u0131lmas\u0131 v\u0259 logistika daxil olmaqla ba\u015fdan sona ara\u015fd\u0131rma v\u0259 istehsalat idar\u0259 etm\u0259 d\u0259st\u0259yi il\u0259 t\u0259min edirik.<\/p>\n    \n\t  <a href=\"\/about\/\" class=\"custom-button\">K\u0259\u015ff Et<\/a>\n   \n\t\n<\/div>\n<\/div><\/div><\/div><div class=\"wpb_column vc_column_container vc_col-sm-12 vc_col-md-5\"><div class=\"vc_column-inner\"><div class=\"wpb_wrapper\"><figure class=\"side-image\" > \n\t\n\t\n\t\t\t\t\n\t\t\t\n\t<img decoding=\"async\" src=\"https:\/\/inmotiontrading.co\/wp-content\/uploads\/2020\/10\/side-image01.jpg\" alt=\"Image\">\n\n\t\n\t\n<\/figure>\n<\/div><\/div><\/div><\/div><\/div><\/section><section  class=\"content-section\" ><div class=\"container\"><div class=\"vc_row wpb_row vc_row-fluid justify-content-center\"><div class=\"wpb_column vc_column_container vc_col-sm-6 vc_col-md-4\"><div class=\"vc_column-inner\"><div class=\"wpb_wrapper\"><div class=\"icon-box\" >\n\t\n\t\n\t\n          <div class=\"inner\">\n            <figure> <img decoding=\"async\" src=\"https:\/\/inmotiontrading.co\/wp-content\/uploads\/2024\/08\/icon03.png\" alt=\"icon03\"> <\/figure>\n\t\t\t  \n                 <h4><strong>Ara\u015fd\u0131rma v\u0259 sat\u0131nalma<\/strong><\/h4>\n<p>&nbsp;<\/p>\n<p>Sataca\u011f\u0131n\u0131z m\u0259hsul \u00fc\u00e7\u00fcn \u0259n yax\u015f\u0131 t\u0259dar\u00fck\u00e7\u00fcn\u00fc tap\u0131r\u0131q v\u0259 sizin yeriniz\u0259 sifari\u015f ba\u015flad\u0131r\u0131q.<\/p>\n    \t\t\t  \n\t\t\t  \n\t\t\t    <a href=\"\/about\/\" class=\"custom-link\">M\u00fct\u0259x\u0259ssisl\u0259 dan\u0131\u015f<\/a>\n  \t\t\t  \n\t\n\t\n\t<\/div>\n      \n\t\n\t\n\t\n  \n  \n<\/div>\n<\/div><\/div><\/div><div class=\"wpb_column vc_column_container vc_col-sm-6 vc_col-md-4\"><div class=\"vc_column-inner\"><div class=\"wpb_wrapper\"><div class=\"icon-box\" >\n\t\n\t\n\t\n          <div class=\"inner\">\n            <figure> <img decoding=\"async\" src=\"https:\/\/inmotiontrading.co\/wp-content\/uploads\/2024\/08\/icon02.png\" alt=\"icon02\"> <\/figure>\n\t\t\t  \n                 <h4><strong>\u0130nventar saxlay\u0131r\u0131q<\/strong><\/h4>\n<p>&nbsp;<\/p>\n<p>F\u0259rqli t\u0259dar\u00fck\u00e7\u00fcl\u0259rd\u0259n g\u0259l\u0259n \u00e7atd\u0131r\u0131lmalar\u0131 q\u0259bul edirik. G\u00fcv\u0259nli \u015f\u0259kild\u0259 saxlay\u0131r\u0131q.<\/p>\n    \t\t\t  \n\t\t\t  \n\t\t\t    <a href=\"\/about\/\" class=\"custom-link\">M\u00fct\u0259x\u0259ssisl\u0259 dan\u0131\u015f<\/a>\n  \t\t\t  \n\t\n\t\n\t<\/div>\n      \n\t\n\t\n\t\n  \n  \n<\/div>\n<\/div><\/div><\/div><div class=\"wpb_column vc_column_container vc_col-sm-4 vc_col-md-4\"><div class=\"vc_column-inner\"><div class=\"wpb_wrapper\"><div class=\"icon-box\" >\n\t\n\t\n\t\n          <div class=\"inner\">\n            <figure> <img decoding=\"async\" src=\"https:\/\/inmotiontrading.co\/wp-content\/uploads\/2024\/08\/icon01.png\" alt=\"icon01\"> <\/figure>\n\t\t\t  \n                 <h4><strong>Sifari\u015fin zaman\u0131nda g\u00f6nd\u0259rilm\u0259si<\/strong><\/h4>\n<p>&nbsp;<\/p>\n<p>\u018fn uy\u011fun qiym\u0259t\u0259 sifari\u015finizi g\u00f6t\u00fcr\u00fcr\u00fck, paketl\u0259yirik v\u0259 eyni g\u00fcn g\u00f6nd\u0259ririk.<\/p>\n    \t\t\t  \n\t\t\t  \n\t\t\t    <a href=\"\/about\/\" class=\"custom-link\">M\u00fct\u0259x\u0259ssisl\u0259 dan\u0131\u015f<\/a>\n  \t\t\t  \n\t\n\t\n\t<\/div>\n      \n\t\n\t\n\t\n  \n  \n<\/div>\n<\/div><\/div><\/div><\/div><\/div><\/section><section  class=\"content-section no-spacing\" ><div class=\"container\"><div class=\"vc_row wpb_row vc_row-fluid vc_custom_1604231701727 vc_row-o-content-middle vc_row-flex\"><div class=\"wpb_column vc_column_container vc_col-sm-12 vc_col-md-6\"><div class=\"vc_column-inner vc_custom_1604231712082\"><div class=\"wpb_wrapper\">\n\n\n\n<div  class=\"side-services rightleft\" >\n\t\n  \t\n\t \t<h2>Keyfiyy\u0259t standart\u0131m\u0131zd\u0131r<\/h2>\n  \t\n\t<ul>\n    \n    <li>\n      \n\t\t        <a href=\"\/services\/\">Keyfiyy\u0259t Yoxlan\u0131lmas\u0131 <i class=\"lni lni-chevron-right\"><\/i> <\/a>\n            <\/li>\n\t\t\n    \n    <li>\n      \n\t\t        <a href=\"\/services\/\">M\u0259hsul Ara\u015fd\u0131rmas\u0131 <i class=\"lni lni-chevron-right\"><\/i> <\/a>\n            <\/li>\n\t\t\n    \n    <li>\n      \n\t\t        <a href=\"\/services\/\">Anbar Xidm\u0259tl\u0259ri <i class=\"lni lni-chevron-right\"><\/i> <\/a>\n            <\/li>\n\t\t\n    \n    <li>\n      \n\t\t        <a href=\"\/services\/\">Qlobal Y\u00fck Da\u015f\u0131nmas\u0131 <i class=\"lni lni-chevron-right\"><\/i> <\/a>\n            <\/li>\n\t\t\n      <\/ul>\n\t\n\t\n  \n\t  <a href=\"\/services\/\" class=\"custom-link\">B\u00fct\u00fcn xidm\u0259tl\u0259ri g\u00f6r<\/a>\n  \t\n\t\n \n\t\n<\/div>\n<\/div><\/div><\/div><div class=\"wpb_column vc_column_container vc_col-sm-12 vc_col-md-6\"><div class=\"vc_column-inner vc_custom_1604231717766\"><div class=\"wpb_wrapper\"><figure class=\"side-image full-right\" > \n\t\n\t\n\t\t\t\t\n\t\t\t\n\t<img decoding=\"async\" src=\"https:\/\/inmotiontrading.co\/wp-content\/uploads\/2020\/10\/side-image02.jpg\" alt=\"Image\">\n\n\t\n\t\n<\/figure>\n<\/div><\/div><\/div><\/div><\/div><\/section><div class=\"vc_row wpb_row vc_row-fluid vc_custom_1723736460932\"><div class=\"wpb_column vc_column_container vc_col-sm-12\"><div class=\"vc_column-inner vc_custom_1723736429562\"><div class=\"wpb_wrapper\"><section class=\"vc_cta3-container\"><div class=\"vc_general vc_cta3 vc_cta3-style-classic vc_cta3-shape-rounded vc_cta3-align-left vc_cta3-color-classic vc_cta3-icon-size-md\"><div class=\"vc_cta3_content-container\"><div class=\"vc_cta3-content\"><header class=\"vc_cta3-content-header\"><\/header>\r\n        <div class='html5_video_players' style=\"width:100%;\" data-nonce=\"c0f0ee0d38\" data-attributes=\"{&quot;options&quot;:{&quot;controls&quot;:[&quot;play-large&quot;,&quot;play&quot;,&quot;progress&quot;,&quot;current-time&quot;,&quot;mute&quot;,&quot;volume&quot;,&quot;settings&quot;,&quot;fullscreen&quot;],&quot;settings&quot;:[&quot;captions&quot;,&quot;quality&quot;,&quot;speed&quot;,&quot;loop&quot;],&quot;loadSprite&quot;:true,&quot;autoplay&quot;:true,&quot;seekTime&quot;:10,&quot;volume&quot;:1,&quot;muted&quot;:true,&quot;hideControls&quot;:true,&quot;resetOnEnd&quot;:false,&quot;tooltips&quot;:{&quot;controls&quot;:true,&quot;seek&quot;:true},&quot;captions&quot;:{&quot;active&quot;:false,&quot;language&quot;:&quot;auto&quot;,&quot;update&quot;:true},&quot;ratio&quot;:null,&quot;storage&quot;:{&quot;enabled&quot;:true,&quot;key&quot;:&quot;plyr&quot;},&quot;speed&quot;:{&quot;options&quot;:[&quot;1&quot;,&quot;2&quot;,&quot;3&quot;,&quot;0.5&quot;,&quot;0.75&quot;,&quot;1.25&quot;,&quot;1.5&quot;,&quot;1.75&quot;,&quot;2.5&quot;]},&quot;loop&quot;:{&quot;active&quot;:true},&quot;ads&quot;:{&quot;enabled&quot;:true},&quot;urls&quot;:{&quot;enabled&quot;:false},&quot;markers&quot;:{&quot;enabled&quot;:true,&quot;points&quot;:[]},&quot;preload&quot;:&quot;metadata&quot;,&quot;imported&quot;:true},&quot;additionalID&quot;:&quot;&quot;,&quot;features&quot;:{&quot;popup&quot;:{&quot;enabled&quot;:false,&quot;selector&quot;:null,&quot;hasBtn&quot;:false,&quot;type&quot;:&quot;poster&quot;,&quot;btnText&quot;:&quot;Watch Video&quot;,&quot;align&quot;:&quot;center&quot;,&quot;btnStyle&quot;:{&quot;color&quot;:&quot;#fff&quot;,&quot;backgroundColor&quot;:&quot;#006BA1&quot;,&quot;fontSize&quot;:&quot;16px&quot;,&quot;padding&quot;:{&quot;top&quot;:&quot;10px&quot;,&quot;right&quot;:&quot;20px&quot;,&quot;bottom&quot;:&quot;10px&quot;,&quot;left&quot;:&quot;20px&quot;}}},&quot;overlay&quot;:{&quot;enabled&quot;:false,&quot;items&quot;:[{&quot;color&quot;:&quot;#fff&quot;,&quot;backgroundColor&quot;:&quot;#333&quot;,&quot;fontSize&quot;:&quot;16px&quot;,&quot;link&quot;:&quot;&quot;,&quot;logo&quot;:&quot;&quot;,&quot;text&quot;:&quot;Simple Text&quot;,&quot;position&quot;:&quot;top_right&quot;,&quot;type&quot;:&quot;text&quot;,&quot;opacity&quot;:1}]},&quot;endScreen&quot;:{&quot;enabled&quot;:false,&quot;text&quot;:&quot;Simple Text&quot;,&quot;btnText&quot;:&quot;Watch Again&quot;,&quot;btnLink&quot;:&quot;&quot;,&quot;btnStyle&quot;:[]},&quot;thumbInPause&quot;:{&quot;enabled&quot;:false,&quot;type&quot;:&quot;default&quot;},&quot;watermark&quot;:{&quot;enabled&quot;:false,&quot;type&quot;:&quot;email&quot;,&quot;text&quot;:&quot;&quot;,&quot;color&quot;:&quot;#f00&quot;},&quot;passwordProtected&quot;:{&quot;enabled&quot;:false,&quot;errorMessage&quot;:&quot;Password didn&#039;t matched&quot;,&quot;heading&quot;:&quot;Please Entire the password to access the video&quot;,&quot;button&quot;:{&quot;text&quot;:&quot;Access&quot;,&quot;color&quot;:&quot;#222&quot;,&quot;backgroundColor&quot;:&quot;#ffffffe3&quot;},&quot;key&quot;:&quot;WfcNOaLgBc&quot;},&quot;sticky&quot;:{&quot;enabled&quot;:false,&quot;position&quot;:&quot;top_right&quot;},&quot;playWhenVisible&quot;:false,&quot;disablePause&quot;:false,&quot;hideYoutubeUI&quot;:false,&quot;startTime&quot;:null,&quot;hideLoadingPlaceholder&quot;:false},&quot;data&quot;:[],&quot;propagans&quot;:false,&quot;customDownloadURL&quot;:false,&quot;captionEnabled&quot;:false,&quot;disableDownload&quot;:false,&quot;disablePause&quot;:false,&quot;startTime&quot;:0,&quot;thumbInPause&quot;:false,&quot;thumbStyle&quot;:&quot;default&quot;,&quot;autoplayWhenVisible&quot;:false,&quot;saveState&quot;:true,&quot;protected&quot;:false,&quot;captions&quot;:[{&quot;label&quot;:&quot;label&quot;,&quot;caption_file&quot;:&quot;&quot;}],&quot;qualities&quot;:[],&quot;source&quot;:&quot;https:\\\/\\\/inmotiontrading.co\\\/wp-content\\\/uploads\\\/2024\\\/08\\\/video02.mp4&quot;,&quot;poster&quot;:false,&quot;hideYoutubeUI&quot;:false,&quot;branding&quot;:{&quot;enabled&quot;:false,&quot;color&quot;:&quot;#ffffff&quot;},&quot;imported&quot;:true,&quot;uniqueId&quot;:&quot;h5vpb83acd2b&quot;,&quot;styles&quot;:{&quot;plyr--video&quot;:{&quot;--plyr-color-main&quot;:&quot;#1ABAFF&quot;},&quot;plyr_wrapper&quot;:{&quot;width&quot;:&quot;100%&quot;},&quot;plyr&quot;:{&quot;borderRadius&quot;:&quot;0px&quot;}},&quot;width&quot;:{&quot;deprecated&quot;:true,&quot;number&quot;:100,&quot;unit&quot;:&quot;%&quot;,&quot;isDeprecated&quot;:true},&quot;provider&quot;:&quot;self-hosted&quot;,&quot;quality&quot;:[],&quot;subtitle&quot;:[{&quot;label&quot;:&quot;label&quot;,&quot;caption_file&quot;:&quot;&quot;}],&quot;CSS&quot;:&quot;&quot;,&quot;isCDURL&quot;:false,&quot;posterTime&quot;:20,&quot;chapters&quot;:[],&quot;controls&quot;:{&quot;play-large&quot;:true,&quot;restart&quot;:false,&quot;rewind&quot;:false,&quot;play&quot;:true,&quot;fast-forward&quot;:false,&quot;progress&quot;:true,&quot;current-time&quot;:true,&quot;duration&quot;:false,&quot;mute&quot;:true,&quot;volume&quot;:true,&quot;pip&quot;:false,&quot;airplay&quot;:false,&quot;settings&quot;:true,&quot;downlaod&quot;:false,&quot;fullscreen&quot;:true},&quot;brandColor&quot;:&quot;#00B3FF&quot;,&quot;radius&quot;:{&quot;number&quot;:0,&quot;unit&quot;:&quot;px&quot;},&quot;repeat&quot;:false,&quot;autoplay&quot;:false,&quot;muted&quot;:false,&quot;sticky&quot;:false,&quot;stickyPosition&quot;:&quot;top-right&quot;,&quot;popup&quot;:false,&quot;popupType&quot;:&quot;poster&quot;,&quot;playsinline&quot;:false,&quot;popupBtnStyle&quot;:{&quot;color&quot;:&quot;#fff&quot;,&quot;backgroundColor&quot;:&quot;#006BA1&quot;,&quot;fontSize&quot;:&quot;16px&quot;,&quot;padding&quot;:{&quot;top&quot;:&quot;10px&quot;,&quot;right&quot;:&quot;20px&quot;,&quot;bottom&quot;:&quot;10px&quot;,&quot;left&quot;:&quot;20px&quot;},&quot;align&quot;:&quot;center&quot;},&quot;popupBtnText&quot;:&quot;Watch Video&quot;,&quot;resetOnEnd&quot;:false,&quot;autoHideControl&quot;:true,&quot;protectedText&quot;:&quot;Please enter password to wath the video&quot;,&quot;seekTime&quot;:10,&quot;preload&quot;:&quot;metadata&quot;,&quot;overlay&quot;:false,&quot;overlayPosition&quot;:&quot;top_right&quot;,&quot;overlayBackground&quot;:&quot;#333&quot;,&quot;overlayOpacity&quot;:0.8,&quot;overlayTextColor&quot;:&quot;#ffffff&quot;,&quot;overlayFontSize&quot;:{&quot;number&quot;:20,&quot;unit&quot;:&quot;px&quot;},&quot;overlayTextHoverColor&quot;:&quot;#ffffff&quot;,&quot;endScreen&quot;:{&quot;enabled&quot;:false,&quot;text&quot;:&quot;Simple Text&quot;,&quot;btnText&quot;:&quot;Watch Again&quot;,&quot;btnLink&quot;:&quot;&quot;,&quot;btnStyle&quot;:[]},&quot;endscreen&quot;:false,&quot;endscreenText&quot;:&quot;Endscreen text&quot;,&quot;endscreenTextLink&quot;:&quot;#&quot;,&quot;streaming&quot;:false,&quot;streamingType&quot;:&quot;hls&quot;,&quot;speed&quot;:{&quot;1&quot;:true,&quot;2&quot;:true,&quot;3&quot;:true,&quot;0.5&quot;:true,&quot;0.75&quot;:true,&quot;1.25&quot;:true,&quot;1.5&quot;:true,&quot;1.75&quot;:true,&quot;2.5&quot;:true}}\">\r\n            <div class=\"preload_poster\" style=\"background: url();background-position: 50% 50%;overflow:hidden;aspect-ratio:\">\r\n                <svg width=\"36px\" height=\"36px\" viewbox=\"0 0 15 15\" fill=\"none\" xmlns=\"http:\/\/www.w3.org\/2000\/svg\">\r\n                    <path d=\"M4.79062 2.09314C4.63821 1.98427 4.43774 1.96972 4.27121 2.05542C4.10467 2.14112 4 2.31271 4 2.5V12.5C4 12.6873 4.10467 12.8589 4.27121 12.9446C4.43774 13.0303 4.63821 13.0157 4.79062 12.9069L11.7906 7.90687C11.922 7.81301 12 7.66148 12 7.5C12 7.33853 11.922 7.18699 11.7906 7.09314L4.79062 2.09314Z\" fill=\"#fff\"\/>\r\n                <\/svg>\r\n            <\/div>\r\n        <\/div>\r\n        \n<\/div><\/div><\/div><\/section><\/div><\/div><\/div><\/div><section  class=\"content-section bg-half\" ><div class=\"container\"><div class=\"vc_row wpb_row vc_row-fluid\"><div class=\"wpb_column vc_column_container vc_col-sm-12 vc_col-md-5\"><div class=\"vc_column-inner\"><div class=\"wpb_wrapper\"><div  class=\"vc_toggle vc_toggle_round vc_toggle_color_white  vc_toggle_size_lg vc_toggle_active\"><div class=\"vc_toggle_title\"><h4>G\u00f6zl\u0259ntil\u0259ri A\u015f<\/h4><i class=\"vc_toggle_icon\"><\/i><\/div><div class=\"vc_toggle_content\"><p>Biz h\u0259mi\u015f\u0259 \u0259lav\u0259 d\u0259y\u0259r yaratmal\u0131 v\u0259 m\u00fc\u015ft\u0259ril\u0259rimizin g\u00f6zl\u0259ntil\u0259rini a\u015fmaq \u00fc\u00e7\u00fcn \u00f6z\u00fcm\u00fcz\u00fc daim t\u0259kmill\u0259\u015fdirm\u0259liyik. Biz h\u0259r k\u0259sin faydalana bil\u0259c\u0259yi \u0259n yax\u015f\u0131 v\u0259 \u0259n etibarl\u0131 sat\u0131nalma komandas\u0131 olmal\u0131y\u0131q.<\/p>\n<\/div><\/div><div  class=\"vc_toggle vc_toggle_round vc_toggle_color_white  vc_toggle_size_lg vc_toggle_active\"><div class=\"vc_toggle_title\"><h4>S\u00fcr\u0259tli v\u0259 \u015e\u0259ffaf<\/h4><i class=\"vc_toggle_icon\"><\/i><\/div><div class=\"vc_toggle_content\"><p>Yax\u015f\u0131 v\u0259 ya pis, b\u00fct\u00fcn m\u0259lumatlar d\u0259rhal b\u00fct\u00fcn \u0259laq\u0259li \u015f\u0259xsl\u0259r\u0259 \u00e7atd\u0131r\u0131lmal\u0131d\u0131r ki, d\u0259qiq q\u0259rarlar q\u0259bul edilsin. Biz\u0259 veril\u0259n b\u00fct\u00fcn tap\u015f\u0131r\u0131qlara n\u0259zar\u0259t edilm\u0259li v\u0259 gecikm\u0259d\u0259n cavabland\u0131r\u0131lmal\u0131d\u0131r.<\/p>\n<\/div><\/div><\/div><\/div><\/div><div class=\"wpb_column vc_column_container vc_col-sm-12 vc_col-md-offset-1 vc_col-md-6\"><div class=\"vc_column-inner\"><div class=\"wpb_wrapper\"><div class=\"section-title\"  style='color:#212223;' >\n\t\n\t\n\t\n\t\n\t \t\n  \n\t    <h2>\u018fsas D\u0259y\u0259rl\u0259r<\/h2>\n  \t\n\t   <p><\/p>\n<h4><\/h4>\n<p>&nbsp;<\/p>\n<h3>T\u0259chizat\u00e7\u0131lar\u0131m\u0131z da daxil olmaqla, t\u0259\u015fkilat\u0131m\u0131zda i\u015ftirak ed\u0259n h\u0259r k\u0259s \u015f\u0259ffafl\u0131q, etibarl\u0131l\u0131q v\u0259 s\u00fcr\u0259tli \u00fcnsiyy\u0259tin \u0259sas d\u0259y\u0259rl\u0259rimizd\u0259n b\u0259zil\u0259ri oldu\u011fundan x\u0259b\u0259rdar olmal\u0131 v\u0259 bunu payla\u015fmal\u0131d\u0131rlar!<\/h3>\n<p><\/p>\n  <\/div>\n<\/div><\/div><\/div><\/div><\/div><\/section>","protected":false},"excerpt":{"rendered":"","protected":false},"author":1,"featured_media":0,"parent":0,"menu_order":0,"comment_status":"closed","ping_status":"closed","template":"page-builder.php","meta":{"footnotes":""},"class_list":["post-315","page","type-page","status-publish","hentry"],"_links":{"self":[{"href":"https:\/\/inmotiontrading.co\/az\/wp-json\/wp\/v2\/pages\/315","targetHints":{"allow":["GET"]}}],"collection":[{"href":"https:\/\/inmotiontrading.co\/az\/wp-json\/wp\/v2\/pages"}],"about":[{"href":"https:\/\/inmotiontrading.co\/az\/wp-json\/wp\/v2\/types\/page"}],"author":[{"embeddable":true,"href":"https:\/\/inmotiontrading.co\/az\/wp-json\/wp\/v2\/users\/1"}],"replies":[{"embeddable":true,"href":"https:\/\/inmotiontrading.co\/az\/wp-json\/wp\/v2\/comments?post=315"}],"version-history":[{"count":57,"href":"https:\/\/inmotiontrading.co\/az\/wp-json\/wp\/v2\/pages\/315\/revisions"}],"predecessor-version":[{"id":587,"href":"https:\/\/inmotiontrading.co\/az\/wp-json\/wp\/v2\/pages\/315\/revisions\/587"}],"wp:attachment":[{"href":"https:\/\/inmotiontrading.co\/az\/wp-json\/wp\/v2\/media?parent=315"}],"curies":[{"name":"wp","href":"https:\/\/api.w.org\/{rel}","templated":true}]}}